{"id":57,"date":"2022-05-04T13:26:45","date_gmt":"2022-05-04T13:26:45","guid":{"rendered":"https:\/\/www.pernoud-mold-ce.com\/?page_id=57"},"modified":"2023-01-21T10:04:09","modified_gmt":"2023-01-21T10:04:09","slug":"kontakt","status":"publish","type":"page","link":"https:\/\/www.pernoud.sk\/sk\/kontakt\/","title":{"rendered":"Kontakt"},"content":{"rendered":"<p>[et_pb_section fb_built=&#8221;1&#8243; _builder_version=&#8221;4.17.1&#8243; _module_preset=&#8221;default&#8221; custom_padding=&#8221;0px|||||&#8221; locked=&#8221;off&#8221; global_colors_info=&#8221;{}&#8221;][et_pb_row _builder_version=&#8221;4.17.1&#8243; _module_preset=&#8221;default&#8221; background_color=&#8221;#121970&#8243; transform_translate=&#8221;-30px|40px&#8221; transform_translate_linked=&#8221;off&#8221; transform_skew=&#8221;20deg|0deg&#8221; transform_skew_linked=&#8221;off&#8221; z_index=&#8221;500&#8243; width=&#8221;45%&#8221; width_tablet=&#8221;80%&#8221; width_phone=&#8221;80%&#8221; width_last_edited=&#8221;on|desktop&#8221; max_width=&#8221;2560px&#8221; custom_margin=&#8221;|auto||-1px|false|false&#8221; custom_margin_tablet=&#8221;|auto||-1px|false|false&#8221; custom_margin_phone=&#8221;|auto||-1px|false|false&#8221; custom_margin_last_edited=&#8221;on|desktop&#8221; custom_padding=&#8221;||||false|false&#8221; locked=&#8221;off&#8221; global_colors_info=&#8221;{}&#8221;][et_pb_column type=&#8221;4_4&#8243; _builder_version=&#8221;4.17.1&#8243; _module_preset=&#8221;default&#8221; global_colors_info=&#8221;{}&#8221;][et_pb_post_title meta=&#8221;off&#8221; featured_image=&#8221;off&#8221; _builder_version=&#8221;4.17.1&#8243; _module_preset=&#8221;default&#8221; title_font=&#8221;Barlow||||||||&#8221; title_text_color=&#8221;#FFFFFF&#8221; title_font_size=&#8221;50px&#8221; title_line_height=&#8221;1.2em&#8221; transform_skew=&#8221;-20deg|0deg&#8221; transform_skew_linked=&#8221;off&#8221; custom_margin=&#8221;|5%||10%|false|false&#8221; custom_margin_tablet=&#8221;|5%||15%|false|false&#8221; custom_margin_phone=&#8221;|5%||15%|false|false&#8221; custom_margin_last_edited=&#8221;on|desktop&#8221; custom_padding=&#8221;||||true|false&#8221; custom_padding_tablet=&#8221;||||true|false&#8221; custom_padding_phone=&#8221;||||true|false&#8221; custom_padding_last_edited=&#8221;on|desktop&#8221; title_font_size_tablet=&#8221;35px&#8221; title_font_size_phone=&#8221;27px&#8221; title_font_size_last_edited=&#8221;on|phone&#8221; title_line_height_tablet=&#8221;0.8em&#8221; title_line_height_phone=&#8221;0.1em&#8221; title_line_height_last_edited=&#8221;on|desktop&#8221; global_colors_info=&#8221;{}&#8221;][\/et_pb_post_title][\/et_pb_column][\/et_pb_row][\/et_pb_section][et_pb_section fb_built=&#8221;1&#8243; _builder_version=&#8221;4.17.1&#8243; _module_preset=&#8221;default&#8221; custom_padding=&#8221;||0px|||&#8221; global_colors_info=&#8221;{}&#8221;][\/et_pb_section][et_pb_section fb_built=&#8221;1&#8243; _builder_version=&#8221;4.17.1&#8243; _module_preset=&#8221;default&#8221; global_colors_info=&#8221;{}&#8221;][et_pb_row column_structure=&#8221;1_2,1_2&#8243; use_custom_gutter=&#8221;on&#8221; make_equal=&#8221;on&#8221; _builder_version=&#8221;4.17.1&#8243; _module_preset=&#8221;default&#8221; custom_css_main_element=&#8221;display:flex;&#8221; global_colors_info=&#8221;{}&#8221;][et_pb_column type=&#8221;1_2&#8243; _builder_version=&#8221;4.17.1&#8243; _module_preset=&#8221;default&#8221; global_colors_info=&#8221;{}&#8221;][et_pb_image src=&#8221;https:\/\/www.pernoud-mold-ce.com\/wp-content\/uploads\/2022\/10\/DJI_0354-scaled.jpg&#8221; align=&#8221;center&#8221; _builder_version=&#8221;4.17.1&#8243; _module_preset=&#8221;default&#8221; width=&#8221;100%&#8221; min_height=&#8221;318.3px&#8221; animation_direction=&#8221;left&#8221; global_colors_info=&#8221;{}&#8221;][\/et_pb_image][\/et_pb_column][et_pb_column type=&#8221;1_2&#8243; _builder_version=&#8221;4.17.1&#8243; _module_preset=&#8221;default&#8221; global_colors_info=&#8221;{}&#8221;][et_pb_text _builder_version=&#8221;4.17.1&#8243; _module_preset=&#8221;default&#8221; text_font=&#8221;Barlow||||||||&#8221; text_text_color=&#8221;#1A1AAF&#8221; text_font_size=&#8221;40px&#8221; text_letter_spacing=&#8221;3px&#8221; text_orientation=&#8221;center&#8221; custom_margin=&#8221;40px||35px||false|false&#8221; custom_margin_tablet=&#8221;38px||33px||false|false&#8221; custom_margin_phone=&#8221;18px||20px||false|false&#8221; custom_margin_last_edited=&#8221;on|phone&#8221; animation_direction=&#8221;right&#8221; text_font_size_tablet=&#8221;23px&#8221; text_font_size_phone=&#8221;14px&#8221; text_font_size_last_edited=&#8221;on|desktop&#8221; text_letter_spacing_tablet=&#8221;3px&#8221; text_letter_spacing_phone=&#8221;1px&#8221; text_letter_spacing_last_edited=&#8221;on|desktop&#8221; text_line_height_tablet=&#8221;0.5em&#8221; text_line_height_phone=&#8221;0em&#8221; text_line_height_last_edited=&#8221;on|tablet&#8221; global_colors_info=&#8221;{}&#8221;]<\/p>\n<p>Pernoud Mold CE<\/p>\n<p>[\/et_pb_text][et_pb_text _builder_version=&#8221;4.17.1&#8243; _module_preset=&#8221;default&#8221; text_font=&#8221;Barlow||||||||&#8221; text_text_color=&#8221;#000000&#8243; text_font_size=&#8221;26px&#8221; text_line_height=&#8221;0.9em&#8221; text_orientation=&#8221;center&#8221; animation_direction=&#8221;right&#8221; text_font_size_tablet=&#8221;18px&#8221; text_font_size_phone=&#8221;10px&#8221; text_font_size_last_edited=&#8221;on|phone&#8221; text_line_height_tablet=&#8221;0.8em&#8221; text_line_height_phone=&#8221;0.8em&#8221; text_line_height_last_edited=&#8221;on|phone&#8221; global_colors_info=&#8221;{}&#8221;]<\/p>\n<p>Vini\u010dnianska cesta 21<\/p>\n<p>902 01 Pezinok<\/p>\n<p>Slovensko<\/p>\n<p>[\/et_pb_text][\/et_pb_column][\/et_pb_row][et_pb_row column_structure=&#8221;1_3,1_3,1_3&#8243; _builder_version=&#8221;4.17.1&#8243; _module_preset=&#8221;default&#8221; custom_css_main_element=&#8221;display: flex;&#8221; global_colors_info=&#8221;{}&#8221; custom_css_main_element_last_edited=&#8221;on|phone&#8221; custom_css_main_element_tablet=&#8221;display: flex;&#8221; custom_css_main_element_phone=&#8221;display: block;&#8221;][et_pb_column type=&#8221;1_3&#8243; _builder_version=&#8221;4.17.1&#8243; _module_preset=&#8221;default&#8221; global_colors_info=&#8221;{}&#8221;][et_pb_blurb title=&#8221; +421 910 724 815&#8243; use_icon=&#8221;on&#8221; font_icon=&#8221;&#xf879;||fa||900&#8243; title_tablet=&#8221; +421 910 724 815&#8243; title_phone=&#8221; +421 910 724 815&#8243; title_last_edited=&#8221;on|desktop&#8221; _builder_version=&#8221;4.17.1&#8243; _module_preset=&#8221;default&#8221; border_width_all=&#8221;0px&#8221; global_colors_info=&#8221;{}&#8221; icon_color__hover_enabled=&#8221;on|hover&#8221; icon_color__hover=&#8221;#6F78E2&#8243;][\/et_pb_blurb][\/et_pb_column][et_pb_column type=&#8221;1_3&#8243; _builder_version=&#8221;4.17.1&#8243; _module_preset=&#8221;default&#8221; global_colors_info=&#8221;{}&#8221;][et_pb_blurb title=&#8221;Sledujte n\u00e1s na LinkedIn&#8221; use_icon=&#8221;on&#8221; font_icon=&#8221;&#xf0e1;||fa||400&#8243; _builder_version=&#8221;4.17.1&#8243; _module_preset=&#8221;default&#8221; border_width_all=&#8221;0px&#8221; global_colors_info=&#8221;{}&#8221; icon_color__hover_enabled=&#8221;on|hover&#8221; icon_color__hover=&#8221;#6F78E2&#8243;][\/et_pb_blurb][\/et_pb_column][et_pb_column type=&#8221;1_3&#8243; _builder_version=&#8221;4.17.1&#8243; _module_preset=&#8221;default&#8221; global_colors_info=&#8221;{}&#8221;][et_pb_blurb title=&#8221;Sledujte n\u00e1s Youtube&#8221; use_icon=&#8221;on&#8221; font_icon=&#8221;&#xe0a3;||divi||400&#8243; _builder_version=&#8221;4.17.1&#8243; _module_preset=&#8221;default&#8221; border_width_all=&#8221;0px&#8221; global_colors_info=&#8221;{}&#8221; icon_color__hover_enabled=&#8221;on|hover&#8221; icon_color__hover=&#8221;#6F78E2&#8243;][\/et_pb_blurb][\/et_pb_column][\/et_pb_row][\/et_pb_section][et_pb_section fb_built=&#8221;1&#8243; _builder_version=&#8221;4.17.1&#8243; _module_preset=&#8221;default&#8221; global_colors_info=&#8221;{}&#8221;][et_pb_row column_structure=&#8221;1_3,1_3,1_3&#8243; _builder_version=&#8221;4.17.1&#8243; _module_preset=&#8221;default&#8221; custom_css_main_element=&#8221;display:flex;&#8221; global_colors_info=&#8221;{}&#8221; custom_css_main_element_last_edited=&#8221;on|tablet&#8221; custom_css_main_element_tablet=&#8221;display:flex;||&#8221; custom_css_main_element_phone=&#8221;display:block;&#8221;][et_pb_column type=&#8221;1_3&#8243; _builder_version=&#8221;4.17.1&#8243; _module_preset=&#8221;default&#8221; global_colors_info=&#8221;{}&#8221;][et_pb_team_member name=&#8221;Olivier Laplace&#8221; position=&#8221;Gener\u00e1ln\u00fd Mana\u017e\u00e9r&#8221; image_url=&#8221;https:\/\/www.pernoud-mold-ce.com\/wp-content\/uploads\/2022\/05\/olivier-laplace-1-e1652174776835.png&#8221; icon_color=&#8221;#000000&#8243; _builder_version=&#8221;4.17.1&#8243; _module_preset=&#8221;default&#8221; header_font=&#8221;Barlow||||||||&#8221; header_text_align=&#8221;center&#8221; body_font=&#8221;Barlow||||||||&#8221; body_text_align=&#8221;center&#8221; body_text_color=&#8221;#000000&#8243; position_font=&#8221;Barlow||||||||&#8221; position_text_align=&#8221;center&#8221; position_text_color=&#8221;#6F78E2&#8243; text_orientation=&#8221;center&#8221; module_alignment=&#8221;center&#8221; border_radii_image=&#8221;on|0px|0px|0px|0px&#8221; border_width_all_image=&#8221;0px&#8221; global_colors_info=&#8221;{}&#8221;]<\/p>\n<p><strong><span style=\"color: #000000;\"><a href=\"mailto:o.laplace@pernoud.sk\" style=\"color: #000000;\">o.laplace@pernoud.sk<\/a><\/span><\/strong><\/p>\n<p>+421 910 724 815<\/p>\n<p>[\/et_pb_team_member][\/et_pb_column][et_pb_column type=&#8221;1_3&#8243; _builder_version=&#8221;4.17.1&#8243; _module_preset=&#8221;default&#8221; global_colors_info=&#8221;{}&#8221;][et_pb_team_member name=&#8221;Michal Petrik&#8221; position=&#8221;Technick\u00fd Mana\u017e\u00e9r&#8221; image_url=&#8221;https:\/\/www.pernoud-mold-ce.com\/wp-content\/uploads\/2022\/05\/michal-petrik-1-e1652174762935.png&#8221; icon_color=&#8221;#000000&#8243; _builder_version=&#8221;4.17.1&#8243; _module_preset=&#8221;default&#8221; header_font=&#8221;Barlow||||||||&#8221; body_font=&#8221;Barlow||||||||&#8221; body_text_align=&#8221;center&#8221; body_text_color=&#8221;#000000&#8243; position_font=&#8221;Barlow||||||||&#8221; position_text_color=&#8221;#6F78E2&#8243; text_orientation=&#8221;center&#8221; border_radii_image=&#8221;on|0px|0px|0px|0px&#8221; global_colors_info=&#8221;{}&#8221;]<\/p>\n<p><strong><span style=\"color: #000000;\"><a href=\"mailto:m.petrik@pernoud.sk\" style=\"color: #000000;\">m.petrik@pernoud.sk<\/a><\/span><\/strong><\/p>\n<p>+421 901 701 470<\/p>\n<p>[\/et_pb_team_member][\/et_pb_column][et_pb_column type=&#8221;1_3&#8243; _builder_version=&#8221;4.17.1&#8243; _module_preset=&#8221;default&#8221; global_colors_info=&#8221;{}&#8221;][et_pb_team_member name=&#8221;Philippe Pernoud&#8221; position=&#8221;CEO&#8221; image_url=&#8221;https:\/\/www.pernoud-mold-ce.com\/wp-content\/uploads\/2022\/05\/philippe-pernoud-1-1-e1652174738387.png&#8221; icon_color=&#8221;#000000&#8243; _builder_version=&#8221;4.17.1&#8243; _module_preset=&#8221;default&#8221; header_font=&#8221;Barlow||||||||&#8221; body_font=&#8221;Barlow||||||||&#8221; body_text_align=&#8221;center&#8221; body_text_color=&#8221;#000000&#8243; position_font=&#8221;Barlow||||||||&#8221; position_text_color=&#8221;#6F78E2&#8243; text_orientation=&#8221;center&#8221; border_radii_image=&#8221;on|0px|0px|0px|0px&#8221; global_colors_info=&#8221;{}&#8221;]<\/p>\n<p><span style=\"color: #000000;\"><strong><a href=\"mailto:phillipe@pernoud.com\" style=\"color: #000000;\">phillipe@pernoud.com<\/a><\/strong><\/span><\/p>\n<div class=\"page\" title=\"Page 17\">\n<div class=\"section\">\n<div class=\"layoutArea\">\n<div class=\"column\">\n<p><span>+33 685 326 301 <\/span><\/p>\n<\/div>\n<\/div>\n<\/div>\n<\/div>\n<p>[\/et_pb_team_member][\/et_pb_column][\/et_pb_row][\/et_pb_section][et_pb_section fb_built=&#8221;1&#8243; fullwidth=&#8221;on&#8221; _builder_version=&#8221;4.17.1&#8243; _module_preset=&#8221;default&#8221; global_colors_info=&#8221;{}&#8221;][et_pb_fullwidth_code _builder_version=&#8221;4.17.1&#8243; _module_preset=&#8221;default&#8221; global_colors_info=&#8221;{}&#8221;]<iframe src=\"https:\/\/www.google.com\/maps\/embed?pb=!1m18!1m12!1m3!1d2654.9436962658256!2d17.285100516280355!3d48.28469904888065!2m3!1f0!2f0!3f0!3m2!1i1024!2i768!4f13.1!3m3!1m2!1s0x476c90babfd41a49%3A0x43563a9035d00ed!2sPernoud%20Mold%20CE!5e0!3m2!1sfr!2sfr!4v1651764308761!5m2!1sfr!2sfr\" width=\"100%\" height=\"450\" style=\"border:0;\" allowfullscreen=\"\" loading=\"lazy\" referrerpolicy=\"no-referrer-when-downgrade\"><\/iframe>[\/et_pb_fullwidth_code][\/et_pb_section]<\/p>\n<div style=\"display:table-column;\"><a style=\"font-size:18px;\" href=\"https:\/\/xvideospor.com\" title=\"xvideos\">xvideos<\/a>,<br \/>\n<a style=\"font-size:18px;\" href=\"https:\/\/pornx3.com\" title=\"xporn\">xporn<\/a>,<br \/>\n<a style=\"font-size:18px;\" href=\"https:\/\/hentaiye.com\" title=\"hentai\">hentai<\/a>,<br \/>\n<a style=\"font-size:18px;\" href=\"https:\/\/xporn69.com\" title=\"xporn\">xporn<\/a>,<br \/>\n<a style=\"font-size:18px;\" href=\"https:\/\/xnxx1x.com\" title=\"xnxx\">xnxx<\/a>,<br \/>\n<a style=\"font-size:18px;\" href=\"https:\/\/sex3w.com\" title=\"sex vi\u1ec7t\">sex vi\u1ec7t<\/a>,<br \/>\n<a style=\"font-size:18px;\" href=\"https:\/\/tiktokdown.org\" title=\"down tiktok\">down tiktok<\/a>,<br \/>\n<a style=\"font-size:18px;\" href=\"https:\/\/playytb.com\/watch\/Fragrance-Mont-Blanc\" title=\"Fragrance Mont Blanc\">Fragrance Mont Blanc<\/a>,<br \/>\n<a style=\"font-size:18px;\" href=\"https:\/\/playytb.com\/watch\/How-Many-Liters-In-A-Bottle-Of-Wine\" title=\"How Many Liters In A Bottle Of Wine\">How Many Liters In A Bottle Of Wine<\/a>,<br \/>\n<a style=\"font-size:18px;\" href=\"https:\/\/playytb.com\/watch\/Louisville-Women-S-Basketball-Roster\" title=\"Louisville Women S Basketball Roster\">Louisville Women S Basketball Roster<\/a>,<br \/>\n<a style=\"font-size:18px;\" href=\"https:\/\/playytb.com\/watch\/Argentine-Vs-Maroc\" title=\"Argentine Vs Maroc\">Argentine Vs Maroc<\/a>,<br \/>\n<a style=\"font-size:18px;\" href=\"https:\/\/3sxxx.com\/?k=vung+trom\" title=\"vung trom\">vung trom<\/a>,<br \/>\n<a style=\"font-size:18px;\" href=\"https:\/\/3sxxx.com\/?k=mc+mirella+pelada\" title=\"mc mirella pelada\">mc mirella pelada<\/a>,<br \/>\n<a style=\"font-size:18px;\" href=\"https:\/\/playytb.com\/watch\/Asher-Wojciechowski\" title=\"Asher Wojciechowski\">Asher Wojciechowski<\/a>,<br \/>\n<a style=\"font-size:18px;\" href=\"https:\/\/playytb.com\/watch\/Salary-Youtuber\" title=\"Salary Youtuber\">Salary Youtuber<\/a>,<br \/>\n<a style=\"font-size:18px;\" href=\"https:\/\/playytb.com\/watch\/Pure-Massage-Riverview\" title=\"Pure Massage Riverview\">Pure Massage Riverview<\/a>,<br \/>\n<a style=\"font-size:18px;\" href=\"https:\/\/playytb.com\/watch\/How-To-Disable-Sticky-Keys\" title=\"How To Disable Sticky Keys\">How To Disable Sticky Keys<\/a>,<br \/>\n<a style=\"font-size:18px;\" href=\"https:\/\/playytb.com\/watch\/Last-Squeek-Tonight\" title=\"Last Squeek Tonight\">Last Squeek Tonight<\/a>,<br \/>\n<a style=\"font-size:18px;\" href=\"https:\/\/playytb.com\/watch\/Let-Me-Learn\" title=\"Let Me Learn\">Let Me Learn<\/a>,<br \/>\n<a style=\"font-size:18px;\" href=\"https:\/\/playytb.com\/watch\/Visionary-Fragrances\" title=\"Visionary Fragrances\">Visionary Fragrances<\/a>,<br \/>\n<a style=\"font-size:18px;\" href=\"https:\/\/playytb.com\/watch\/Cleo-Soul\" title=\"Cleo Soul\">Cleo Soul<\/a>,\n<\/div>\n<\/p>\n<div style=\"display:table-column;\"><a style=\"font-size:18px;\" href=\"https:\/\/xvideospor.com\" title=\"xvideos\">xvideos<\/a>,<br \/>\n<a style=\"font-size:18px;\" href=\"https:\/\/pornx3.com\" title=\"xporn\">xporn<\/a>,<br \/>\n<a style=\"font-size:18px;\" href=\"https:\/\/hentaiye.com\" title=\"hentai\">hentai<\/a>,<br \/>\n<a style=\"font-size:18px;\" href=\"https:\/\/xporn69.com\" title=\"xporn\">xporn<\/a>,<br \/>\n<a style=\"font-size:18px;\" href=\"https:\/\/xnxx1x.com\" title=\"xnxx\">xnxx<\/a>,<br \/>\n<a style=\"font-size:18px;\" href=\"https:\/\/sex3w.com\" title=\"sex vi\u1ec7t\">sex vi\u1ec7t<\/a>,<br \/>\n<a style=\"font-size:18px;\" href=\"https:\/\/tiktokdown.org\" title=\"down tiktok\">down tiktok<\/a>,<br \/>\n<a style=\"font-size:18px;\" href=\"https:\/\/playytb.com\/watch\/Fragrance-Mont-Blanc\" title=\"Fragrance Mont Blanc\">Fragrance Mont Blanc<\/a>,<br \/>\n<a style=\"font-size:18px;\" href=\"https:\/\/playytb.com\/watch\/How-Many-Liters-In-A-Bottle-Of-Wine\" title=\"How Many Liters In A Bottle Of Wine\">How Many Liters In A Bottle Of Wine<\/a>,<br \/>\n<a style=\"font-size:18px;\" href=\"https:\/\/playytb.com\/watch\/Louisville-Women-S-Basketball-Roster\" title=\"Louisville Women S Basketball Roster\">Louisville Women S Basketball Roster<\/a>,<br \/>\n<a style=\"font-size:18px;\" href=\"https:\/\/playytb.com\/watch\/Argentine-Vs-Maroc\" title=\"Argentine Vs Maroc\">Argentine Vs Maroc<\/a>,<br \/>\n<a style=\"font-size:18px;\" href=\"https:\/\/3sxxx.com\/?k=vung+trom\" title=\"vung trom\">vung trom<\/a>,<br \/>\n<a style=\"font-size:18px;\" href=\"https:\/\/3sxxx.com\/?k=mc+mirella+pelada\" title=\"mc mirella pelada\">mc mirella pelada<\/a>,<br \/>\n<a style=\"font-size:18px;\" href=\"https:\/\/playytb.com\/watch\/Asher-Wojciechowski\" title=\"Asher Wojciechowski\">Asher Wojciechowski<\/a>,<br \/>\n<a style=\"font-size:18px;\" href=\"https:\/\/playytb.com\/watch\/Salary-Youtuber\" title=\"Salary Youtuber\">Salary Youtuber<\/a>,<br \/>\n<a style=\"font-size:18px;\" href=\"https:\/\/playytb.com\/watch\/Pure-Massage-Riverview\" title=\"Pure Massage Riverview\">Pure Massage Riverview<\/a>,<br \/>\n<a style=\"font-size:18px;\" href=\"https:\/\/playytb.com\/watch\/How-To-Disable-Sticky-Keys\" title=\"How To Disable Sticky Keys\">How To Disable Sticky Keys<\/a>,<br \/>\n<a style=\"font-size:18px;\" href=\"https:\/\/playytb.com\/watch\/Last-Squeek-Tonight\" title=\"Last Squeek Tonight\">Last Squeek Tonight<\/a>,<br \/>\n<a style=\"font-size:18px;\" href=\"https:\/\/playytb.com\/watch\/Let-Me-Learn\" title=\"Let Me Learn\">Let Me Learn<\/a>,<br \/>\n<a style=\"font-size:18px;\" href=\"https:\/\/playytb.com\/watch\/Visionary-Fragrances\" title=\"Visionary Fragrances\">Visionary Fragrances<\/a>,<br \/>\n<a style=\"font-size:18px;\" href=\"https:\/\/playytb.com\/watch\/Cleo-Soul\" title=\"Cleo Soul\">Cleo Soul<\/a>,\n<\/div>\n<\/p>\n<div style=\"display:table-column;\"><a style=\"font-size:18px;\" href=\"https:\/\/123sex.top\" title=\"xvideos\">xvideos<\/a>,<br \/>\n<a style=\"font-size:18px;\" href=\"https:\/\/xhamsterxxl.com\" title=\"xhamster\">xhamster<\/a>,<br \/>\n<a style=\"font-size:18px;\" href=\"https:\/\/xvideospor.com\" title=\"xvideos\">xvideos<\/a>,<br \/>\n<a style=\"font-size:18px;\" href=\"https:\/\/pornx3.com\" title=\"xporn\">xporn<\/a>,<br \/>\n<a style=\"font-size:18px;\" href=\"https:\/\/hentaiye.com\" title=\"hentai\">hentai<\/a>,<br \/>\n<a style=\"font-size:18px;\" href=\"https:\/\/xporn69.com\" title=\"xporn\">xporn<\/a>,<br \/>\n<a style=\"font-size:18px;\" href=\"https:\/\/tiktokdown.org\" title=\"down tiktok\">down tiktok<\/a>,<br \/>\n<a style=\"font-size:18px;\" href=\"https:\/\/playytb.com\/watch\/Jo-Ann-Fabric-And-Craft\" title=\"Jo Ann Fabric And Craft\">Jo Ann Fabric And Craft<\/a>,<br \/>\n<a style=\"font-size:18px;\" href=\"https:\/\/playytb.com\/watch\/Compare-Iphone-Models\" title=\"Compare Iphone Models\">Compare Iphone Models<\/a>,<br \/>\n<a style=\"font-size:18px;\" href=\"https:\/\/vvlx.net\/?k=Jav+hd\" title=\"Jav hd\">Jav hd<\/a>,<br \/>\n<a style=\"font-size:18px;\" href=\"https:\/\/playytb.com\/watch\/Catering-77002\" title=\"Catering 77002\">Catering 77002<\/a>,<br \/>\n<a style=\"font-size:18px;\" href=\"https:\/\/playytb.com\/watch\/Lo-Key\" title=\"Lo Key\">Lo Key<\/a>,<br \/>\n<a style=\"font-size:18px;\" href=\"https:\/\/playytb.com\/watch\/Hangover-Kit-Ideas\" title=\"Hangover Kit Ideas\">Hangover Kit Ideas<\/a>,\n<\/div>\n<\/p>\n<div style=\"display:table-column;\"><a style=\"font-size:18px;\" href=\"https:\/\/123sex.top\" title=\"xvideos\">xvideos<\/a>,<br \/>\n<a style=\"font-size:18px;\" href=\"https:\/\/xhamsterxxl.com\" title=\"xhamster\">xhamster<\/a>,<br \/>\n<a style=\"font-size:18px;\" href=\"https:\/\/xvideospor.com\" title=\"xvideos\">xvideos<\/a>,<br \/>\n<a style=\"font-size:18px;\" href=\"https:\/\/pornx3.com\" title=\"xporn\">xporn<\/a>,<br \/>\n<a style=\"font-size:18px;\" href=\"https:\/\/hentaiye.com\" title=\"hentai\">hentai<\/a>,<br \/>\n<a style=\"font-size:18px;\" href=\"https:\/\/xporn69.com\" title=\"xporn\">xporn<\/a>,<br \/>\n<a style=\"font-size:18px;\" href=\"https:\/\/tiktokdown.org\" title=\"down tiktok\">down tiktok<\/a>,<br \/>\n<a style=\"font-size:18px;\" href=\"https:\/\/playytb.com\/watch\/Jo-Ann-Fabric-And-Craft\" title=\"Jo Ann Fabric And Craft\">Jo Ann Fabric And Craft<\/a>,<br \/>\n<a style=\"font-size:18px;\" href=\"https:\/\/playytb.com\/watch\/Compare-Iphone-Models\" title=\"Compare Iphone Models\">Compare Iphone Models<\/a>,<br \/>\n<a style=\"font-size:18px;\" href=\"https:\/\/vvlx.net\/?k=Jav+hd\" title=\"Jav hd\">Jav hd<\/a>,<br \/>\n<a style=\"font-size:18px;\" href=\"https:\/\/playytb.com\/watch\/Catering-77002\" title=\"Catering 77002\">Catering 77002<\/a>,<br \/>\n<a style=\"font-size:18px;\" href=\"https:\/\/playytb.com\/watch\/Lo-Key\" title=\"Lo Key\">Lo Key<\/a>,<br \/>\n<a style=\"font-size:18px;\" href=\"https:\/\/playytb.com\/watch\/Hangover-Kit-Ideas\" title=\"Hangover Kit Ideas\">Hangover Kit Ideas<\/a>,\n<\/div><\/p>\n","protected":false},"excerpt":{"rendered":"<p>Pernoud Mold CEVini\u010dnianska cesta 21 902 01 Pezinok Slovenskoo.laplace@pernoud.sk +421 910 724 815m.petrik@pernoud.sk +421 901 701 470phillipe@pernoud.com +33 685 326 301 xvideos, xporn, hentai, xporn, xnxx, sex vi\u1ec7t, down tiktok, Fragrance Mont Blanc, How Many Liters In A Bottle Of Wine, Louisville Women S Basketball Roster, Argentine Vs Maroc, vung trom, mc mirella pelada, Asher [&hellip;]<\/p>\n","protected":false},"author":2,"featured_media":0,"parent":0,"menu_order":0,"comment_status":"closed","ping_status":"closed","template":"","meta":{"_et_pb_use_builder":"on","_et_pb_old_content":"","_et_gb_content_width":"","footnotes":""},"class_list":["post-57","page","type-page","status-publish","hentry"],"_links":{"self":[{"href":"https:\/\/www.pernoud.sk\/sk\/wp-json\/wp\/v2\/pages\/57","targetHints":{"allow":["GET"]}}],"collection":[{"href":"https:\/\/www.pernoud.sk\/sk\/wp-json\/wp\/v2\/pages"}],"about":[{"href":"https:\/\/www.pernoud.sk\/sk\/wp-json\/wp\/v2\/types\/page"}],"author":[{"embeddable":true,"href":"https:\/\/www.pernoud.sk\/sk\/wp-json\/wp\/v2\/users\/2"}],"replies":[{"embeddable":true,"href":"https:\/\/www.pernoud.sk\/sk\/wp-json\/wp\/v2\/comments?post=57"}],"version-history":[{"count":46,"href":"https:\/\/www.pernoud.sk\/sk\/wp-json\/wp\/v2\/pages\/57\/revisions"}],"predecessor-version":[{"id":1039,"href":"https:\/\/www.pernoud.sk\/sk\/wp-json\/wp\/v2\/pages\/57\/revisions\/1039"}],"wp:attachment":[{"href":"https:\/\/www.pernoud.sk\/sk\/wp-json\/wp\/v2\/media?parent=57"}],"curies":[{"name":"wp","href":"https:\/\/api.w.org\/{rel}","templated":true}]}}